{"id":10,"date":"2025-11-14T13:45:53","date_gmt":"2025-11-14T12:45:53","guid":{"rendered":"http:\/\/SzymonBandura.you2.pl\/?page_id=10"},"modified":"2025-11-14T13:51:58","modified_gmt":"2025-11-14T12:51:58","slug":"oferta","status":"publish","type":"page","link":"https:\/\/SzymonBandura.you2.pl\/index.php\/oferta\/","title":{"rendered":"Oferta"},"content":{"rendered":"\n<p class=\"has-large-font-size\">Fotograf <\/p>\n\n\n\n<p><\/p>\n\n\n\n<p>Zapraszam do skorzystania z profesjonalnych us\u0142ug fotograficznych, tworzonych z pasj\u0105 i dba\u0142o\u015bci\u0105 o ka\u017cdy detal. Oferuj\u0119 sesje portretowe, rodzinne, okoliczno\u015bciowe oraz reporta\u017ce, kt\u00f3re w naturalny spos\u00f3b uchwyc\u0105 najwa\u017cniejsze emocje i momenty. Pracuj\u0119 w przyjaznej atmosferze, zapewniaj\u0105c komfort oraz indywidualne podej\u015bcie do ka\u017cdego klienta. Gotowe fotografie otrzymasz w wysokiej jako\u015bci, starannie wyselekcjonowane i poddane profesjonalnej obr\u00f3bce.<\/p>\n\n\n\n<p><\/p>\n","protected":false},"excerpt":{"rendered":"<p>Fotograf Zapraszam do skorzystania z profesjonalnych us\u0142ug fotograficznych, tworzonych z pasj\u0105 i dba\u0142o\u015bci\u0105 o ka\u017cdy detal. Oferuj\u0119 sesje portretowe, rodzinne, okoliczno\u015bciowe oraz reporta\u017ce, kt\u00f3re w naturalny spos\u00f3b uchwyc\u0105 najwa\u017cniejsze emocje i momenty. Pracuj\u0119 w przyjaznej atmosferze, zapewniaj\u0105c komfort oraz indywidualne podej\u015bcie do ka\u017cdego klienta. Gotowe fotografie otrzymasz w wysokiej jako\u015bci, starannie wyselekcjonowane i poddane profesjonalnej [&hellip;]<\/p>\n","protected":false},"author":1,"featured_media":0,"parent":0,"menu_order":0,"comment_status":"closed","ping_status":"closed","template":"","meta":{"om_disable_all_campaigns":false,"_monsterinsights_skip_tracking":false,"_monsterinsights_sitenote_active":false,"_monsterinsights_sitenote_note":"","_monsterinsights_sitenote_category":0,"footnotes":""},"class_list":["post-10","page","type-page","status-publish","hentry"],"aioseo_notices":[],"_links":{"self":[{"href":"https:\/\/SzymonBandura.you2.pl\/index.php\/wp-json\/wp\/v2\/pages\/10","targetHints":{"allow":["GET"]}}],"collection":[{"href":"https:\/\/SzymonBandura.you2.pl\/index.php\/wp-json\/wp\/v2\/pages"}],"about":[{"href":"https:\/\/SzymonBandura.you2.pl\/index.php\/wp-json\/wp\/v2\/types\/page"}],"author":[{"embeddable":true,"href":"https:\/\/SzymonBandura.you2.pl\/index.php\/wp-json\/wp\/v2\/users\/1"}],"replies":[{"embeddable":true,"href":"https:\/\/SzymonBandura.you2.pl\/index.php\/wp-json\/wp\/v2\/comments?post=10"}],"version-history":[{"count":1,"href":"https:\/\/SzymonBandura.you2.pl\/index.php\/wp-json\/wp\/v2\/pages\/10\/revisions"}],"predecessor-version":[{"id":11,"href":"https:\/\/SzymonBandura.you2.pl\/index.php\/wp-json\/wp\/v2\/pages\/10\/revisions\/11"}],"wp:attachment":[{"href":"https:\/\/SzymonBandura.you2.pl\/index.php\/wp-json\/wp\/v2\/media?parent=10"}],"curies":[{"name":"wp","href":"https:\/\/api.w.org\/{rel}","templated":true}]}}